{"id":21,"date":"2025-03-22T21:14:51","date_gmt":"2025-03-22T21:14:51","guid":{"rendered":"https:\/\/oldrover.pl\/?page_id=21"},"modified":"2025-03-22T21:30:07","modified_gmt":"2025-03-22T21:30:07","slug":"adam-kantor","status":"publish","type":"page","link":"http:\/\/oldrover.pl\/index.php\/adam-kantor\/","title":{"rendered":"Adam Kantor"},"content":{"rendered":"\n<p>Nie by\u0142oby tego Rovera P4 bez mojego Taty, Adama. Wielu rzeczom udawa\u0142o si\u0119 zyska\u0107 nasze wsp\u00f3lne zainteresowanie, wiele tez szybko porzucali\u015bmy, jednak ch\u0119\u0107 posiadania jakiego\u015b starocia na k\u00f3\u0142kach wraca\u0142a w naszych rozmowach regularnie.<\/p>\n\n\n\n<figure class=\"wp-block-image size-large\"><img loading=\"lazy\" decoding=\"async\" width=\"1024\" height=\"768\" src=\"http:\/\/oldrover.pl\/wp-content\/uploads\/2025\/03\/IMG_0091-1-1024x768.jpg\" alt=\"\" class=\"wp-image-41\" srcset=\"http:\/\/oldrover.pl\/wp-content\/uploads\/2025\/03\/IMG_0091-1-1024x768.jpg 1024w, http:\/\/oldrover.pl\/wp-content\/uploads\/2025\/03\/IMG_0091-1-300x225.jpg 300w, http:\/\/oldrover.pl\/wp-content\/uploads\/2025\/03\/IMG_0091-1-768x576.jpg 768w, http:\/\/oldrover.pl\/wp-content\/uploads\/2025\/03\/IMG_0091-1-1536x1152.jpg 1536w, http:\/\/oldrover.pl\/wp-content\/uploads\/2025\/03\/IMG_0091-1.jpg 2048w\" sizes=\"auto, (max-width: 1024px) 100vw, 1024px\" \/><\/figure>\n\n\n\n<p>Tata by\u0142 cz\u0142owiekiem pracowitym, wiele potrafi\u0142 samodzielnie wykona\u0107, wiele mnie nauczy\u0142. Najcenniejsz\u0105 z rzeczy, kt\u00f3re przekaza\u0142 mi by\u0142o to, \u017ce niczego nie osi\u0105gniesz inaczej ni\u017c ci\u0119\u017ck\u0105 w\u0142asnor\u0119czn\u0105 prac\u0105. Dzi\u0119ki wiedzy ojca, jego talentowi i pracowito\u015bci uda\u0142o si\u0119 wykona\u0107 ca\u0142y remont we w\u0142asnym zakresie (jedynie elementy chromowane wyremontowa\u0142a wyspecjalizowana firma). Ciesz\u0119 si\u0119, \u017ce zrobili\u015bmy ten remont razem, wsp\u00f3lnie przez te dwa lata by\u0142a okazja aby pogada\u0107, poby\u0107 razem.<\/p>\n\n\n\n<p>Odchodz\u0105c Zostawi\u0142e\u015b po sobie pustk\u0119, kt\u00f3rej nic ju\u017c nie zape\u0142ni. T\u0119skni\u0119 za Tob\u0105 tato i do zobaczenia!<\/p>\n\n\n\n<figure class=\"wp-block-gallery has-nested-images columns-default is-cropped wp-block-gallery-1 is-layout-flex wp-block-gallery-is-layout-flex\">\n<figure class=\"wp-block-image size-large\"><img loading=\"lazy\" decoding=\"async\" width=\"1024\" height=\"768\" data-id=\"38\" src=\"https:\/\/oldrover.pl\/wp-content\/uploads\/2025\/03\/20110523239-1024x768.jpg\" alt=\"\" class=\"wp-image-38\" srcset=\"http:\/\/oldrover.pl\/wp-content\/uploads\/2025\/03\/20110523239-1024x768.jpg 1024w, http:\/\/oldrover.pl\/wp-content\/uploads\/2025\/03\/20110523239-300x225.jpg 300w, http:\/\/oldrover.pl\/wp-content\/uploads\/2025\/03\/20110523239-768x576.jpg 768w, http:\/\/oldrover.pl\/wp-content\/uploads\/2025\/03\/20110523239-1536x1152.jpg 1536w, http:\/\/oldrover.pl\/wp-content\/uploads\/2025\/03\/20110523239-2048x1536.jpg 2048w\" sizes=\"auto, (max-width: 1024px) 100vw, 1024px\" \/><\/figure>\n\n\n\n<figure class=\"wp-block-image size-large\"><img loading=\"lazy\" decoding=\"async\" width=\"1024\" height=\"768\" data-id=\"35\" src=\"https:\/\/oldrover.pl\/wp-content\/uploads\/2025\/03\/20100728252-1024x768.jpg\" alt=\"\" class=\"wp-image-35\" srcset=\"http:\/\/oldrover.pl\/wp-content\/uploads\/2025\/03\/20100728252-1024x768.jpg 1024w, http:\/\/oldrover.pl\/wp-content\/uploads\/2025\/03\/20100728252-300x225.jpg 300w, http:\/\/oldrover.pl\/wp-content\/uploads\/2025\/03\/20100728252-768x576.jpg 768w, http:\/\/oldrover.pl\/wp-content\/uploads\/2025\/03\/20100728252-1536x1152.jpg 1536w, http:\/\/oldrover.pl\/wp-content\/uploads\/2025\/03\/20100728252-2048x1536.jpg 2048w\" sizes=\"auto, (max-width: 1024px) 100vw, 1024px\" \/><\/figure>\n\n\n\n<figure class=\"wp-block-image size-large\"><img loading=\"lazy\" decoding=\"async\" width=\"1024\" height=\"768\" data-id=\"39\" src=\"https:\/\/oldrover.pl\/wp-content\/uploads\/2025\/03\/IMG_0202-1024x768.jpg\" alt=\"\" class=\"wp-image-39\" srcset=\"http:\/\/oldrover.pl\/wp-content\/uploads\/2025\/03\/IMG_0202-1024x768.jpg 1024w, http:\/\/oldrover.pl\/wp-content\/uploads\/2025\/03\/IMG_0202-300x225.jpg 300w, http:\/\/oldrover.pl\/wp-content\/uploads\/2025\/03\/IMG_0202-768x576.jpg 768w, http:\/\/oldrover.pl\/wp-content\/uploads\/2025\/03\/IMG_0202-1536x1152.jpg 1536w, http:\/\/oldrover.pl\/wp-content\/uploads\/2025\/03\/IMG_0202.jpg 2048w\" sizes=\"auto, (max-width: 1024px) 100vw, 1024px\" \/><\/figure>\n\n\n\n<figure class=\"wp-block-image size-large\"><img loading=\"lazy\" decoding=\"async\" width=\"1024\" height=\"768\" data-id=\"36\" src=\"https:\/\/oldrover.pl\/wp-content\/uploads\/2025\/03\/20100728253-1024x768.jpg\" alt=\"\" class=\"wp-image-36\" srcset=\"http:\/\/oldrover.pl\/wp-content\/uploads\/2025\/03\/20100728253-1024x768.jpg 1024w, http:\/\/oldrover.pl\/wp-content\/uploads\/2025\/03\/20100728253-300x225.jpg 300w, http:\/\/oldrover.pl\/wp-content\/uploads\/2025\/03\/20100728253-768x576.jpg 768w, http:\/\/oldrover.pl\/wp-content\/uploads\/2025\/03\/20100728253-1536x1152.jpg 1536w, http:\/\/oldrover.pl\/wp-content\/uploads\/2025\/03\/20100728253-2048x1536.jpg 2048w\" sizes=\"auto, (max-width: 1024px) 100vw, 1024px\" \/><\/figure>\n\n\n\n<figure class=\"wp-block-image size-large\"><img loading=\"lazy\" decoding=\"async\" width=\"1024\" height=\"768\" data-id=\"37\" src=\"https:\/\/oldrover.pl\/wp-content\/uploads\/2025\/03\/IMG_0208-1024x768.jpg\" alt=\"\" class=\"wp-image-37\" srcset=\"http:\/\/oldrover.pl\/wp-content\/uploads\/2025\/03\/IMG_0208-1024x768.jpg 1024w, http:\/\/oldrover.pl\/wp-content\/uploads\/2025\/03\/IMG_0208-300x225.jpg 300w, http:\/\/oldrover.pl\/wp-content\/uploads\/2025\/03\/IMG_0208-768x576.jpg 768w, http:\/\/oldrover.pl\/wp-content\/uploads\/2025\/03\/IMG_0208-1536x1152.jpg 1536w, http:\/\/oldrover.pl\/wp-content\/uploads\/2025\/03\/IMG_0208.jpg 2048w\" sizes=\"auto, (max-width: 1024px) 100vw, 1024px\" \/><\/figure>\n<\/figure>\n\n\n\n<p><\/p>\n","protected":false},"excerpt":{"rendered":"<p>Nie by\u0142oby tego Rovera P4 bez mojego Taty, Adama. Wielu rzeczom udawa\u0142o si\u0119 zyska\u0107 nasze wsp\u00f3lne zainteresowanie, wiele tez szybko <a class=\"more-link\" href=\"http:\/\/oldrover.pl\/index.php\/adam-kantor\/\">Continue Reading<\/a><\/p>\n","protected":false},"author":1,"featured_media":0,"parent":0,"menu_order":0,"comment_status":"closed","ping_status":"closed","template":"","meta":{"footnotes":""},"class_list":["post-21","page","type-page","status-publish","hentry","no-post-thumbnail","no-read-more-tag","no-sticky","entry"],"_links":{"self":[{"href":"http:\/\/oldrover.pl\/index.php\/wp-json\/wp\/v2\/pages\/21","targetHints":{"allow":["GET"]}}],"collection":[{"href":"http:\/\/oldrover.pl\/index.php\/wp-json\/wp\/v2\/pages"}],"about":[{"href":"http:\/\/oldrover.pl\/index.php\/wp-json\/wp\/v2\/types\/page"}],"author":[{"embeddable":true,"href":"http:\/\/oldrover.pl\/index.php\/wp-json\/wp\/v2\/users\/1"}],"replies":[{"embeddable":true,"href":"http:\/\/oldrover.pl\/index.php\/wp-json\/wp\/v2\/comments?post=21"}],"version-history":[{"count":5,"href":"http:\/\/oldrover.pl\/index.php\/wp-json\/wp\/v2\/pages\/21\/revisions"}],"predecessor-version":[{"id":46,"href":"http:\/\/oldrover.pl\/index.php\/wp-json\/wp\/v2\/pages\/21\/revisions\/46"}],"wp:attachment":[{"href":"http:\/\/oldrover.pl\/index.php\/wp-json\/wp\/v2\/media?parent=21"}],"curies":[{"name":"wp","href":"https:\/\/api.w.org\/{rel}","templated":true}]}}